{"id":5221,"date":"2021-03-27T00:40:14","date_gmt":"2021-03-26T23:40:14","guid":{"rendered":"https:\/\/manu009.supserv.cozmoslabs.com\/?post_type=product&#038;p=5221"},"modified":"2021-10-21T13:20:56","modified_gmt":"2021-10-21T11:20:56","slug":"lina-black-short","status":"publish","type":"product","link":"https:\/\/manu009.supserv.cozmoslabs.com\/de\/winkel\/broeken\/lina-black-short\/","title":{"rendered":"Lina schwarze Shorts"},"content":{"rendered":"","protected":false},"excerpt":{"rendered":"<p>Kurze schwarze Hose mit G\u00fcrtel. Hat Stretch in der Hose. Sie k\u00f6nnen die Tasche vom G\u00fcrtel abnehmen.<\/p>\n<p>EINE GR\u00d6SSE (passt XS\/S\/M)<\/p>","protected":false},"featured_media":13299,"template":"","meta":[],"product_cat":[59,48,58],"product_tag":[],"_links":{"self":[{"href":"https:\/\/manu009.supserv.cozmoslabs.com\/de\/wp-json\/wp\/v2\/product\/5221"}],"collection":[{"href":"https:\/\/manu009.supserv.cozmoslabs.com\/de\/wp-json\/wp\/v2\/product"}],"about":[{"href":"https:\/\/manu009.supserv.cozmoslabs.com\/de\/wp-json\/wp\/v2\/types\/product"}],"version-history":[{"count":0,"href":"https:\/\/manu009.supserv.cozmoslabs.com\/de\/wp-json\/wp\/v2\/product\/5221\/revisions"}],"wp:featuredmedia":[{"embeddable":true,"href":"https:\/\/manu009.supserv.cozmoslabs.com\/de\/wp-json\/wp\/v2\/media\/13299"}],"wp:attachment":[{"href":"https:\/\/manu009.supserv.cozmoslabs.com\/de\/wp-json\/wp\/v2\/media?parent=5221"}],"wp:term":[{"taxonomy":"product_cat","embeddable":true,"href":"https:\/\/manu009.supserv.cozmoslabs.com\/de\/wp-json\/wp\/v2\/product_cat?post=5221"},{"taxonomy":"product_tag","embeddable":true,"href":"https:\/\/manu009.supserv.cozmoslabs.com\/de\/wp-json\/wp\/v2\/product_tag?post=5221"}],"curies":[{"name":"wp","href":"https:\/\/api.w.org\/{rel}","templated":true}]}}