{"id":15912,"date":"2021-11-03T17:42:21","date_gmt":"2021-11-03T16:42:21","guid":{"rendered":"https:\/\/manu009.supserv.cozmoslabs.com\/?post_type=product&#038;p=15912"},"modified":"2021-11-08T08:26:48","modified_gmt":"2021-11-08T07:26:48","slug":"luna-top-silver","status":"publish","type":"product","link":"https:\/\/manu009.supserv.cozmoslabs.com\/de\/winkel\/top-blouses\/luna-top-silver\/","title":{"rendered":"Luna Top Silber"},"content":{"rendered":"<div data-elementor-type=\"section\" data-elementor-id=\"2313\" class=\"elementor elementor-2313\" data-elementor-settings=\"[]\">\n\t\t<div class=\"elementor-section-wrap\">\n\t\t\t\t\t<section class=\"elementor-section elementor-top-section elementor-element elementor-element-a5a7ac9 elementor-section-content-top elementor-section-boxed elementor-section-height-default elementor-section-height-default\" data-id=\"a5a7ac9\" data-element_type=\"section\">\n\t\t\t\t\t\t<div class=\"elementor-container elementor-column-gap-default\">\n\t\t\t\t\t\t\t<div class=\"elementor-row\">\n\t\t\t\t\t<div class=\"elementor-column elementor-col-50 elementor-top-column elementor-element elementor-element-2fcffe0\" data-id=\"2fcffe0\" data-element_type=\"column\">\n\t\t\t<div class=\"elementor-column-wrap elementor-element-populated\">\n\t\t\t\t\t\t\t<div class=\"elementor-widget-wrap\">\n\t\t\t\t\t\t<div class=\"elementor-element elementor-element-fa6ff2d elementor-widget elementor-widget-heading\" data-id=\"fa6ff2d\" data-element_type=\"widget\" data-widget_type=\"heading.default\">\n\t\t\t\t<div class=\"elementor-widget-container\">\n\t\t\t<h4 class=\"elementor-heading-title elementor-size-default\">Versenden<\/h4>\t\t<\/div>\n\t\t\t\t<\/div>\n\t\t\t\t<div class=\"elementor-element elementor-element-27c3f77 elementor-widget elementor-widget-text-editor\" data-id=\"27c3f77\" data-element_type=\"widget\" data-widget_type=\"text-editor.default\">\n\t\t\t\t<div class=\"elementor-widget-container\">\n\t\t\t\t\t\t\t\t<div class=\"elementor-text-editor elementor-clearfix\">\n\t\t\t\t<p>SISTERSHIP liefert seine Produkte innerhalb der Niederlande + Belgien mit PostNL. Auf diese Weise stellt SISTERSHIP sicher, dass ihre Produkte sorgf\u00e4ltig versendet werden und sicher bei Ihnen ankommen. Wenn Sie Ihre Bestellung an Werktagen vor 16:30 Uhr aufgeben, wird sie am n\u00e4chsten Tag geliefert!&nbsp;<\/p><p><span style=\"font-size: 15px; color: var( --e-global-color-text ); font-family: var( --e-global-typography-text-font-family ), Sans-serif; letter-spacing: var( --e-global-typography-text-letter-spacing );\">*Vor\u00fcbergehend versandkostenfrei ab einem Bestellwert von 20,- \u20ac<\/span><br><\/p>\t\t\t\t\t<\/div>\n\t\t\t\t\t\t<\/div>\n\t\t\t\t<\/div>\n\t\t\t\t\t\t<\/div>\n\t\t\t\t\t<\/div>\n\t\t<\/div>\n\t\t\t\t<div class=\"elementor-column elementor-col-50 elementor-top-column elementor-element elementor-element-ba257e6\" data-id=\"ba257e6\" data-element_type=\"column\">\n\t\t\t<div class=\"elementor-column-wrap elementor-element-populated\">\n\t\t\t\t\t\t\t<div class=\"elementor-widget-wrap\">\n\t\t\t\t\t\t<div class=\"elementor-element elementor-element-2b8a5de elementor-widget elementor-widget-heading\" data-id=\"2b8a5de\" data-element_type=\"widget\" data-widget_type=\"heading.default\">\n\t\t\t\t<div class=\"elementor-widget-container\">\n\t\t\t<h4 class=\"elementor-heading-title elementor-size-default\">Kehrt zur\u00fcck<\/h4>\t\t<\/div>\n\t\t\t\t<\/div>\n\t\t\t\t<div class=\"elementor-element elementor-element-131bf2c elementor-widget elementor-widget-text-editor\" data-id=\"131bf2c\" data-element_type=\"widget\" data-widget_type=\"text-editor.default\">\n\t\t\t\t<div class=\"elementor-widget-container\">\n\t\t\t\t\t\t\t\t<div class=\"elementor-text-editor elementor-clearfix\">\n\t\t\t\t<p>Ist es nicht genau das, wonach Sie suchen? Kein Problem, Sie k\u00f6nnen Ihre Bestellung innerhalb von 14 Tagen zur\u00fccksenden. Sie m\u00fcssen die Bestellung auf eigene Kosten in der Originalverpackung zur\u00fccksenden.<\/p><div><br><\/div>\t\t\t\t\t<\/div>\n\t\t\t\t\t\t<\/div>\n\t\t\t\t<\/div>\n\t\t\t\t\t\t<\/div>\n\t\t\t\t\t<\/div>\n\t\t<\/div>\n\t\t\t\t\t\t\t\t<\/div>\n\t\t\t\t\t<\/div>\n\t\t<\/section>\n\t\t\t\t<\/div>\n\t\t<\/div>","protected":false},"excerpt":{"rendered":"<p><b>OMGGG! <\/b>Das Oberteil ist in Silber und Braun erh\u00e4ltlich. Das Oberteil ist sch\u00f6n f\u00fcr einen besonderen Anlass oder f\u00fcr die Feiertage. Kombiniert haben wir das Top mit der &#039;Nora Pants Black&#039;.<\/p>\n<p>\u2b52 Das Model tr\u00e4gt Gr\u00f6\u00dfe S<\/p>\n<p>\u2b52 Material: 95% Polyester 5% Elastisch<\/p>","protected":false},"featured_media":15972,"template":"","meta":[],"product_cat":[59,58,47],"product_tag":[],"_links":{"self":[{"href":"https:\/\/manu009.supserv.cozmoslabs.com\/de\/wp-json\/wp\/v2\/product\/15912"}],"collection":[{"href":"https:\/\/manu009.supserv.cozmoslabs.com\/de\/wp-json\/wp\/v2\/product"}],"about":[{"href":"https:\/\/manu009.supserv.cozmoslabs.com\/de\/wp-json\/wp\/v2\/types\/product"}],"version-history":[{"count":0,"href":"https:\/\/manu009.supserv.cozmoslabs.com\/de\/wp-json\/wp\/v2\/product\/15912\/revisions"}],"wp:featuredmedia":[{"embeddable":true,"href":"https:\/\/manu009.supserv.cozmoslabs.com\/de\/wp-json\/wp\/v2\/media\/15972"}],"wp:attachment":[{"href":"https:\/\/manu009.supserv.cozmoslabs.com\/de\/wp-json\/wp\/v2\/media?parent=15912"}],"wp:term":[{"taxonomy":"product_cat","embeddable":true,"href":"https:\/\/manu009.supserv.cozmoslabs.com\/de\/wp-json\/wp\/v2\/product_cat?post=15912"},{"taxonomy":"product_tag","embeddable":true,"href":"https:\/\/manu009.supserv.cozmoslabs.com\/de\/wp-json\/wp\/v2\/product_tag?post=15912"}],"curies":[{"name":"wp","href":"https:\/\/api.w.org\/{rel}","templated":true}]}}