{"id":647,"date":"2020-06-20T22:30:46","date_gmt":"2020-06-20T20:30:46","guid":{"rendered":"https:\/\/manu009.supserv.cozmoslabs.com\/?page_id=647"},"modified":"2021-10-19T10:50:59","modified_gmt":"2021-10-19T08:50:59","slug":"over-ons","status":"publish","type":"page","link":"https:\/\/manu009.supserv.cozmoslabs.com\/de\/over-ons\/","title":{"rendered":"\u00dcber uns"},"content":{"rendered":"<div data-elementor-type=\"wp-page\" data-elementor-id=\"647\" class=\"elementor elementor-647\" data-elementor-settings=\"[]\">\n\t\t\t\t\t\t<div class=\"elementor-inner\">\n\t\t\t\t\t\t\t<div class=\"elementor-section-wrap\">\n\t\t\t\t\t\t\t<section class=\"elementor-section elementor-top-section elementor-element elementor-element-07e8de2 elementor-section-content-top elementor-section-full_width elementor-section-height-default elementor-section-height-default\" data-id=\"07e8de2\" data-element_type=\"section\" data-settings=\"{&quot;background_background&quot;:&quot;classic&quot;}\">\n\t\t\t\t\t\t\t<div class=\"elementor-background-overlay\"><\/div>\n\t\t\t\t\t\t\t<div class=\"elementor-container elementor-column-gap-default\">\n\t\t\t\t\t\t\t<div class=\"elementor-row\">\n\t\t\t\t\t<div class=\"elementor-column elementor-col-50 elementor-top-column elementor-element elementor-element-40dcd19\" data-id=\"40dcd19\" data-element_type=\"column\">\n\t\t\t<div class=\"elementor-column-wrap elementor-element-populated\">\n\t\t\t\t\t\t\t<div class=\"elementor-widget-wrap\">\n\t\t\t\t\t\t<div class=\"elementor-element elementor-element-2bea46d elementor-widget elementor-widget-image\" data-id=\"2bea46d\" data-element_type=\"widget\" data-widget_type=\"image.default\">\n\t\t\t\t<div class=\"elementor-widget-container\">\n\t\t\t\t\t\t\t\t<div class=\"elementor-image\">\n\t\t\t\t\t\t\t\t\t\t\t\t<img width=\"1259\" height=\"1536\" src=\"https:\/\/manu009.supserv.cozmoslabs.com\/wp-content\/uploads\/2021\/03\/2AC65BAD-2683-4842-9ABF-33484C161F7E-1259x1536.jpg\" class=\"attachment-1536x1536 size-1536x1536\" alt=\"\" loading=\"lazy\" srcset=\"https:\/\/manu009.supserv.cozmoslabs.com\/wp-content\/uploads\/2021\/03\/2AC65BAD-2683-4842-9ABF-33484C161F7E-1259x1536.jpg 1259w, https:\/\/manu009.supserv.cozmoslabs.com\/wp-content\/uploads\/2021\/03\/2AC65BAD-2683-4842-9ABF-33484C161F7E-scaled-150x183.jpg 150w, https:\/\/manu009.supserv.cozmoslabs.com\/wp-content\/uploads\/2021\/03\/2AC65BAD-2683-4842-9ABF-33484C161F7E-scaled-600x732.jpg 600w, https:\/\/manu009.supserv.cozmoslabs.com\/wp-content\/uploads\/2021\/03\/2AC65BAD-2683-4842-9ABF-33484C161F7E-246x300.jpg 246w, https:\/\/manu009.supserv.cozmoslabs.com\/wp-content\/uploads\/2021\/03\/2AC65BAD-2683-4842-9ABF-33484C161F7E-839x1024.jpg 839w, https:\/\/manu009.supserv.cozmoslabs.com\/wp-content\/uploads\/2021\/03\/2AC65BAD-2683-4842-9ABF-33484C161F7E-768x937.jpg 768w, https:\/\/manu009.supserv.cozmoslabs.com\/wp-content\/uploads\/2021\/03\/2AC65BAD-2683-4842-9ABF-33484C161F7E-1679x2048.jpg 1679w\" sizes=\"(max-width: 360px) 147px, (max-width: 1259px) 100vw, 1259px\" \/>\t\t\t\t\t\t\t\t\t\t\t\t\t\t<\/div>\n\t\t\t\t\t\t<\/div>\n\t\t\t\t<\/div>\n\t\t\t\t\t\t<\/div>\n\t\t\t\t\t<\/div>\n\t\t<\/div>\n\t\t\t\t<div class=\"elementor-column elementor-col-50 elementor-top-column elementor-element elementor-element-90107ff\" data-id=\"90107ff\" data-element_type=\"column\">\n\t\t\t<div class=\"elementor-column-wrap elementor-element-populated\">\n\t\t\t\t\t\t\t<div class=\"elementor-widget-wrap\">\n\t\t\t\t\t\t<div class=\"elementor-element elementor-element-0365617 elementor-widget elementor-widget-heading\" data-id=\"0365617\" data-element_type=\"widget\" data-widget_type=\"heading.default\">\n\t\t\t\t<div class=\"elementor-widget-container\">\n\t\t\t<h3 class=\"elementor-heading-title elementor-size-default\">Philosophie der Sistership<\/h3>\t\t<\/div>\n\t\t\t\t<\/div>\n\t\t\t\t<div class=\"elementor-element elementor-element-efe8ecf elementor-widget elementor-widget-text-editor\" data-id=\"efe8ecf\" data-element_type=\"widget\" data-widget_type=\"text-editor.default\">\n\t\t\t\t<div class=\"elementor-widget-container\">\n\t\t\t\t\t\t\t\t<div class=\"elementor-text-editor elementor-clearfix\">\n\t\t\t\t<p><strong>Von zwei Schwestern zu einer anderen&nbsp;<\/strong><\/p>\n<p><span style=\"color: var( --e-global-color-text ); font-family: var( --e-global-typography-text-font-family ), Sans-serif; font-size: 15px;\">Sistership wurde 2020 von den Schwestern Rosan und Maureen Sommerdijk gegr\u00fcndet. Sistership bietet trendige Modeartikel, die f\u00fcr jeden zug\u00e4nglich sind, unabh\u00e4ngig von Ihrem Budget.&nbsp;<\/span><\/p>\n<p><span style=\"color: var( --e-global-color-text ); font-family: var( --e-global-typography-text-font-family ), Sans-serif; font-size: 15px;\">Das Unternehmen hat gro\u00dfe Pl\u00e4ne und Ambitionen zu wachsen und wird von der st\u00e4ndigen Unterst\u00fctzung unserer Schwestern angetrieben, damit Sie als unser Kunde zu Sistership kommen.<\/span><\/p>\n<p><span style=\"font-size: 15px; color: var( --e-global-color-text ); font-family: var( --e-global-typography-text-font-family ), Sans-serif;\">Wir m\u00f6chten, dass die Sistership unseren eigenen Stil widerspiegelt und f\u00fcr jede Schwester zug\u00e4nglich ist. Wir als Schwestern sind absolut aufeinander eingespielt, vor allem was Mode und Trends angeht. Wir achten auf Qualit\u00e4t, Detail und Tragbarkeit.<\/span><\/p>\n<p><span style=\"color: var( --e-global-color-text ); font-family: var( --e-global-typography-text-font-family ), Sans-serif; font-size: 15px;\"><em>\u201eEine Schwester ist jemand, auf den man sich verlassen kann, jemand, der einen aufrichtet, ehrlich ist, Tipps gibt und vor allem jemand, mit dem man seinen Kleiderschrank teilt\u201c.<\/em> Wir m\u00f6chten unsere Garderobe teilen, damit jede Schwester die Garderobe ihrer Tr\u00e4ume hat. Wir m\u00f6chten, dass unsere Kollektion jede Schwester bef\u00e4higt, mit Hilfe der Sistership die richtigen Kleidungsst\u00fccke zu finden.&nbsp;<\/span><\/p>\n<p><span style=\"color: var( --e-global-color-text ); font-family: var( --e-global-typography-text-font-family ), Sans-serif; font-size: 15px;\">Unsere st\u00e4ndig wachsende sch\u00f6ne Gemeinschaft ist voll von s\u00fc\u00dfen Schwestern aller unterschiedlichen Formen, Farben und Kulturen. Wir sind hier alle Schwestern. Wir sind mehr als nur ein Bekleidungs-Webshop, wir streben danach, eine #WARESISTESRHIP-Community aufzubauen.&nbsp;<\/span><\/p>\n<p><span style=\"font-size: 15px; color: var( --e-global-color-text ); font-family: var( --e-global-typography-text-font-family ), Sans-serif;\">Bist du schon eine Schwester?<\/span><\/p><p><strong style=\"font-size: 15px; color: var( --e-global-color-text ); font-family: var( --e-global-typography-text-font-family ), Sans-serif;\">\u2013 XOXO \u2013 SISTERSHIP<\/strong><\/p>\t\t\t\t\t<\/div>\n\t\t\t\t\t\t<\/div>\n\t\t\t\t<\/div>\n\t\t\t\t\t\t<\/div>\n\t\t\t\t\t<\/div>\n\t\t<\/div>\n\t\t\t\t\t\t\t\t<\/div>\n\t\t\t\t\t<\/div>\n\t\t<\/section>\n\t\t\t\t\t\t<\/div>\n\t\t\t\t\t\t<\/div>\n\t\t\t\t\t<\/div>","protected":false},"excerpt":{"rendered":"<p>Sistership Filosofie From Two Sisters, To Another&nbsp; Sistership is opgericht door de zussen Rosan en Maureen Sommerdijk in 2020. Sistership biedt trendy fashionitems aan die voor iedereen toegankelijk zijn, ongeacht je budget.&nbsp; Het bedrijf heeft enorme plannen en ambitie om te groeien en wordt gedreven door de steeds krijgende steun van onze zusjes, dus jij [&hellip;]<\/p>","protected":false},"author":6,"featured_media":0,"parent":0,"menu_order":0,"comment_status":"closed","ping_status":"closed","template":"template-fullwidth-no-heading.php","meta":[],"_links":{"self":[{"href":"https:\/\/manu009.supserv.cozmoslabs.com\/de\/wp-json\/wp\/v2\/pages\/647"}],"collection":[{"href":"https:\/\/manu009.supserv.cozmoslabs.com\/de\/wp-json\/wp\/v2\/pages"}],"about":[{"href":"https:\/\/manu009.supserv.cozmoslabs.com\/de\/wp-json\/wp\/v2\/types\/page"}],"author":[{"embeddable":true,"href":"https:\/\/manu009.supserv.cozmoslabs.com\/de\/wp-json\/wp\/v2\/users\/6"}],"replies":[{"embeddable":true,"href":"https:\/\/manu009.supserv.cozmoslabs.com\/de\/wp-json\/wp\/v2\/comments?post=647"}],"version-history":[{"count":0,"href":"https:\/\/manu009.supserv.cozmoslabs.com\/de\/wp-json\/wp\/v2\/pages\/647\/revisions"}],"wp:attachment":[{"href":"https:\/\/manu009.supserv.cozmoslabs.com\/de\/wp-json\/wp\/v2\/media?parent=647"}],"curies":[{"name":"wp","href":"https:\/\/api.w.org\/{rel}","templated":true}]}}