{"id":413,"date":"2020-06-09T15:13:49","date_gmt":"2020-06-09T14:13:49","guid":{"rendered":"https:\/\/manu009.supserv.cozmoslabs.com\/?page_id=413"},"modified":"2021-10-06T17:30:25","modified_gmt":"2021-10-06T15:30:25","slug":"algemene-voorwaarden","status":"publish","type":"page","link":"https:\/\/manu009.supserv.cozmoslabs.com\/de\/algemene-voorwaarden\/","title":{"rendered":"Gesch\u00e4ftsbedingungen"},"content":{"rendered":"<div data-elementor-type=\"wp-page\" data-elementor-id=\"413\" class=\"elementor elementor-413\" data-elementor-settings=\"[]\">\n\t\t\t\t\t\t<div class=\"elementor-inner\">\n\t\t\t\t\t\t\t<div class=\"elementor-section-wrap\">\n\t\t\t\t\t\t\t<section class=\"elementor-section elementor-top-section elementor-element elementor-element-bfd55a1 elementor-section-boxed elementor-section-height-default elementor-section-height-default\" data-id=\"bfd55a1\" data-element_type=\"section\">\n\t\t\t\t\t\t<div class=\"elementor-container elementor-column-gap-default\">\n\t\t\t\t\t\t\t<div class=\"elementor-row\">\n\t\t\t\t\t<div class=\"elementor-column elementor-col-100 elementor-top-column elementor-element elementor-element-74306d9\" data-id=\"74306d9\" data-element_type=\"column\">\n\t\t\t<div class=\"elementor-column-wrap elementor-element-populated\">\n\t\t\t\t\t\t\t<div class=\"elementor-widget-wrap\">\n\t\t\t\t\t\t<div class=\"elementor-element elementor-element-64b9595 elementor-widget elementor-widget-heading\" data-id=\"64b9595\" data-element_type=\"widget\" data-widget_type=\"heading.default\">\n\t\t\t\t<div class=\"elementor-widget-container\">\n\t\t\t<h2 class=\"elementor-heading-title elementor-size-default\">Gesch\u00e4ftsbedingungen<\/h2>\t\t<\/div>\n\t\t\t\t<\/div>\n\t\t\t\t\t\t<\/div>\n\t\t\t\t\t<\/div>\n\t\t<\/div>\n\t\t\t\t\t\t\t\t<\/div>\n\t\t\t\t\t<\/div>\n\t\t<\/section>\n\t\t\t\t<section class=\"elementor-section elementor-top-section elementor-element elementor-element-f51e3cc elementor-section-boxed elementor-section-height-default elementor-section-height-default\" data-id=\"f51e3cc\" data-element_type=\"section\">\n\t\t\t\t\t\t<div class=\"elementor-container elementor-column-gap-default\">\n\t\t\t\t\t\t\t<div class=\"elementor-row\">\n\t\t\t\t\t<div class=\"elementor-column elementor-col-100 elementor-top-column elementor-element elementor-element-18a4bbe\" data-id=\"18a4bbe\" data-element_type=\"column\">\n\t\t\t<div class=\"elementor-column-wrap elementor-element-populated\">\n\t\t\t\t\t\t\t<div class=\"elementor-widget-wrap\">\n\t\t\t\t\t\t<div class=\"elementor-element elementor-element-0d8c9fc elementor-widget elementor-widget-text-editor\" data-id=\"0d8c9fc\" data-element_type=\"widget\" data-widget_type=\"text-editor.default\">\n\t\t\t\t<div class=\"elementor-widget-container\">\n\t\t\t\t\t\t\t\t<div class=\"elementor-text-editor elementor-clearfix\">\n\t\t\t\t<p style=\"margin: 0cm; font-size: 11pt; font-family: Calibri, sans-serif; color: #000000; font-style: normal; font-weight: 400;\">\u00a0<\/p><p style=\"margin: 0cm; font-size: 11pt; font-family: Calibri, sans-serif; color: #000000; font-style: normal; font-weight: 400;\"><b>Artikel 1. Definitionen<\/b><b><\/b><\/p><p style=\"margin: 0cm; font-size: 11pt; font-family: Calibri, sans-serif; color: #000000; font-style: normal; font-weight: 400;\">1.1 Allgemeine Gesch\u00e4ftsbedingungen (im Folgenden als \u201eGesch\u00e4ftsbedingungen\u201c bezeichnet): Die folgenden Liefer- und Zahlungsbedingungen gelten f\u00fcr alle Verk\u00e4ufe \u00fcber Sistership.nl. Sie erkl\u00e4ren sich damit einverstanden, wenn Sie eine Bestellung aufgeben;<br \/>1.2 Unternehmen: Sistership.nl ist ein Handelsname eines Online-Shops, der Verbrauchern Kleidung und verwandte Artikel im \u201eFernkauf\u201c anbietet;<br \/>1.3 Verbraucher: eine nat\u00fcrliche Person oder ein Unternehmen, das mit dem Unternehmer einen Fernabsatzvertrag abschlie\u00dft;<br \/>1.4 Vereinbarung: eine Fernabsatzvereinbarung zwischen Sistership.nl und dem Verbraucher.<br \/><br \/><b>Artikel 2. Anwendbarkeit<\/b><br \/>2.1 Diese Allgemeinen Gesch\u00e4ftsbedingungen gelten f\u00fcr jedes Angebot von Sistership.nl und f\u00fcr jeden zwischen dem Unternehmen und dem Verbraucher geschlossenen Fernabsatzvertrag;<br \/>2.2 Diese Allgemeinen Gesch\u00e4ftsbedingungen gelten immer f\u00fcr alle Angebote, Bestellungen und Vereinbarungen, die \u00fcber die Website Sistership.nl abgeschlossen werden;<br \/>2.3 Vor Abschluss des Fernabsatzvertrages werden diese AGB \u00fcber unsere Website zur Verf\u00fcgung gestellt. Die Annahme eines Angebots oder eine Bestellung setzt die Annahme dieser Bedingungen voraus;<br \/>2.4 Von den Bestimmungen dieser AGB kann nur schriftlich abgewichen werden. Bei Abweichungen von diesen Bedingungen bleiben die \u00fcbrigen Bestimmungen in vollem Umfang g\u00fcltig. Aus vereinbarten Abweichungen kann der Verbraucher keine Rechte f\u00fcr zuk\u00fcnftige Gesch\u00e4fte herleiten.<br \/>2.5 Sofern nicht anders schriftlich vereinbart, erkennt Sistership.nl die allgemeinen oder spezifischen Gesch\u00e4ftsbedingungen oder Bestimmungen Dritter nicht an.<br \/><br \/><b>Artikel 3. Vereinbarungen<\/b><br \/>3.1 Ein Vertrag kommt erst nach Annahme der Bestellung durch Sistership.nl zustande. Sistership.nl ist berechtigt, Bestellungen abzulehnen oder bestimmte Bedingungen an die Lieferung zu kn\u00fcpfen, sofern nicht ausdr\u00fccklich anders angegeben. Wird eine Bestellung nicht angenommen, wird dies innerhalb von f\u00fcnf (5) Werktagen nach Eingang der Bestellung unter Angabe des Grundes mitgeteilt.<br \/><br \/><b>Artikel 4. Preise<br \/><\/b>4.1 Alle Angebote von Sistership.nl sind unverbindlich. Sistership.nl beh\u00e4lt sich ausdr\u00fccklich das Recht vor, die Preise zu \u00e4ndern, insbesondere wenn dies aufgrund (gesetzlicher) Vorschriften erforderlich ist.<br \/>4.2 Die angegebenen Preise f\u00fcr die angebotenen Produkte sind in Euro inklusive Mehrwertsteuer angegeben. Versandkosten sind (sofern nicht anders angegeben) in den angegebenen Preisen nicht enthalten. Vor Vertragsabschluss wird der Gesamtpreis \u00fcber unsere Website mitgeteilt.<br \/>4.3 F\u00fcr Lieferungen innerhalb der Niederlande werden bei Bestellungen ab 100,00 \u20ac keine Versandkosten berechnet. F\u00fcr Bestellungen unter diesem Betrag berechnen wir 6,95 \u20ac Versandkosten. Bei Sendungen in andere L\u00e4nder als die Niederlande ist der Beitrag zu den Versand- und Versicherungskosten l\u00e4nderabh\u00e4ngig. Diese Kosten werden der Bestellung nach Eingabe der personenbezogenen Daten im Rahmen der Bestellabwicklung hinzugerechnet.<br \/>4.4 Sistership.nl kann nicht f\u00fcr fehlerhafte Preisangaben, beispielsweise aufgrund von Eingabe-, Tipp- oder Druckfehlern, gehalten werden. Aus rechtswidrigen Preisangaben k\u00f6nnen keine Rechte abgeleitet werden.<\/p><p style=\"margin: 0cm; font-size: 11pt; font-family: Calibri, sans-serif; color: #000000; font-style: normal; font-weight: 400;\"><br \/><br \/><\/p><p style=\"margin: 0cm; font-size: 11pt; font-family: Calibri, sans-serif; color: #000000; font-style: normal; font-weight: 400;\"><b>Artikel 5. Zahlungen<\/b><br \/>5.1 Die Zahlung erfolgt stets vollst\u00e4ndig im Voraus.<br \/>5.2 Die Zahlung kann auf verschiedene Weise erfolgen, wie unten angegeben und w\u00e4hrend des Bestellvorgangs angegeben. F\u00fcr die Bestellung eines Verbrauchers k\u00f6nnen weitere (Zahlungs-\/Bestellungs-) Bedingungen gelten. Nach Abgabe einer Bestellung erh\u00e4lt der Verbraucher unverz\u00fcglich eine Best\u00e4tigung per E-Mail mit den Gesamtkosten.<br \/>5.2.1 iDeal: Wenn der Verbraucher \u00fcber das Internet bei ABN Amro Bank, ASN Bank, ING, Rabobank, SNS Bank, SNS Regio Bank, Van Lanschot, Tridios oder KNAB Bankgesch\u00e4fte t\u00e4tigt, kann der Verbraucher die Bestellung elektronisch \u00fcber unsere Website in a sichere Weise. Eine elektronische Zahlung \u00fcber das Internet ist vergleichbar mit einer PIN-Zahlung in einem Gesch\u00e4ft. Nach Abgabe der Bestellung w\u00e4hlt der Verbraucher die Zahlungsmethode iDeal. Der Verbraucher folgt dann dem Verfahren, das er bei der Zahlung per Internetbanking gewohnt ist. Die Zahlungsabwicklung erfolgt grunds\u00e4tzlich am selben Werktag.<br \/>5.2.2 Kreditkarte: direkt und online mittels Kreditkartenzahlung (VISA und MasterCard). Die Zahlung wird online autorisiert, sodass der Verbraucher sofort wei\u00df, ob sie genehmigt wurde oder nicht. Bei Zahlungen per Kreditkarte fallen keine zus\u00e4tzlichen Kosten an. Die Zahlungsabwicklung erfolgt grunds\u00e4tzlich am selben Werktag. \u00a0<\/p><p style=\"margin: 0cm; font-size: 11pt; font-family: Calibri, sans-serif; color: #000000; font-style: normal; font-weight: 400;\">5.2.3 Bancontact: Verbraucher aus Belgien k\u00f6nnen die Zahlungsoption Bancontact nutzen, um ihre Bestellung auf gewohnte Weise mit einer Zahlungskarte zu bezahlen. Die Zahlungsabwicklung erfolgt grunds\u00e4tzlich am selben Werktag.<br \/>5.3 Im Falle einer Insolvenz oder Zahlungseinstellung des Verbrauchers (oder eines entsprechenden Antrags) sind die Forderungen von Sistership.nl sofort f\u00e4llig und zahlbar.<br \/>5.4 Wenn Sistership.nl seinen Inkassoanspruch abtreten muss, schuldet der Verbraucher einen Festbetrag von 15% der geschuldeten au\u00dfergerichtlichen Inkassokosten. Wenn Sistership.nl nachweisen kann, dass notwendigerweise h\u00f6here Kosten entstanden sind, werden diese ebenfalls vom Verbraucher getragen.<br \/><br \/><b>Artikel 6. Lieferung<\/b><br \/>6.1 Alle Artikel aus dem Online-Shop sind ab Lager verf\u00fcgbar. Es kann leider vorkommen, dass ein Artikel nicht mehr lieferbar ist, wir werden den Verbraucher in diesem Fall so schnell wie m\u00f6glich informieren.<br \/>6.2 Sistership.nl bem\u00fcht sich, alle Bestellungen innerhalb von 1 bis 2 Werktagen nach Zahlungseingang zu versenden. Dies erfolgt \u00fcber PostNL an die bei der Bestellung angegebene Lieferadresse. Weicht die Lieferfrist aus bestimmten Gr\u00fcnden ab, erh\u00e4lt der Verbraucher im Warenkorb, bei der Auswahl der Zahlungsart und in der Auftragsbest\u00e4tigung eine Benachrichtigung.<br \/>6.3 Die \u00dcberschreitung der angegebenen Lieferzeit berechtigt den Verbraucher nicht zu Schadensersatz, Vertragsaufl\u00f6sung oder Nichterf\u00fcllung einer Verpflichtung, die sich f\u00fcr ihn aus diesem oder einem anderen damit zusammenh\u00e4ngenden Vertrag ergeben kann.<br \/>6.4 Die Bestellung muss dem Verbraucher sp\u00e4testens 30 Tage nach der Bestellung zugestellt werden. Sollte die Lieferung einer Bestellung innerhalb von 30 Tagen nicht m\u00f6glich sein, wird der Verbraucher hier\u00fcber rechtzeitig informiert und der Verbraucher hat das Recht, die Bestellung kostenfrei zu stornieren. In diesem Fall leistet Sistership.nl eine R\u00fcckerstattung. Dies gilt nicht, wenn die Parteien eine andere Lieferfrist vereinbart haben.<br \/>6.5 Die Lieferung in Teilen ist zul\u00e4ssig.<br \/>6.6 Die Lieferverpflichtung von Sistership.nl wird erf\u00fcllt, sobald die Lieferung angeboten wurde.<br \/>6.7 Bei Verweigerung oder Nichtabholung der angebotenen Lieferung gehen die R\u00fcckfracht- und Lagerkosten sowie die Gefahr der Besch\u00e4digung oder des Verlustes der Sendung vollst\u00e4ndig zu Lasten des Verbrauchers.<br \/>6.8 Die angebotenen Produkte sind klar und wahrheitsgetreu dargestellt und\/oder beschrieben und so vollst\u00e4ndig, wie es vern\u00fcnftigerweise erforderlich ist. Es ist jedoch m\u00f6glich, dass Farb-, Schrift-, Text- und\/oder Preis\u00e4nderungen von der Realit\u00e4t abweichen.<br \/>6.9 Sistership.nl ist niemals f\u00fcr Folgesch\u00e4den verantwortlich.<br \/><br \/><b>Artikel 7. Eigentumsvorbehalt<\/b><br \/>7.1 Das Eigentum an den gelieferten Produkten geht nur auf den Verbraucher \u00fcber, wenn der Verbraucher alle Verpflichtungen erf\u00fcllt hat, die er Sistership.nl aufgrund der in Bezug auf die gelieferten Produkte geschlossenen Vereinbarung(en) schuldet.<br \/><br \/><b>Artikel 8. Umtausch\/R\u00fcckgabe von Artikeln<\/b><br \/>8.1 Wir tun alles, um den Verbraucher \u00fcber unsere Website \u00fcber die Artikel zu informieren. Wenn der Verbraucher dennoch ohne Angabe von Gr\u00fcnden einen Artikel nicht kaufen m\u00f6chte, hat der Verbraucher das Recht, das Produkt innerhalb von 14 Tagen nach Erhalt der Bestellung zur\u00fcckzugeben und\/oder gegen ein anderes Produkt umzutauschen.\u00a0<\/p><p style=\"margin: 0cm; font-size: 11pt; font-family: Calibri, sans-serif; color: #000000; font-style: normal; font-weight: 400;\">8.2 W\u00e4hrend dieser Zeit wird der Verbraucher das Produkt und die Verpackung pfleglich behandeln. Der Verbraucher wird das Produkt nur in dem Umfang auspacken oder verwenden, der erforderlich ist, um zu beurteilen, ob er das Produkt behalten m\u00f6chte. Wenn der Verbraucher vom R\u00fcckgaberecht Gebrauch macht, schickt er das Produkt mit allen mitgelieferten Zubeh\u00f6rteilen und \u2013 wenn vern\u00fcnftigerweise m\u00f6glich \u2013 unbesch\u00e4digt und im Originalzustand und in der Originalverpackung an Sistership.nl zur\u00fcck, gem\u00e4\u00df den angemessenen und klaren Anweisungen von Sistership .nl. .<br \/>8.3 Sistership.nl akzeptiert nur Umtausch\/R\u00fccksendungen, f\u00fcr die die Anweisungen befolgt wurden. Umtausch und R\u00fccksendungen, die nicht innerhalb der angegebenen Zeit eingehen, werden nicht akzeptiert.<\/p><p style=\"margin: 0cm; font-size: 11pt; font-family: Calibri, sans-serif; color: #000000; font-style: normal; font-weight: 400;\">8.4 F\u00fcr die R\u00fccksendung von Artikeln aus den Niederlanden kann der Verbraucher die der Bestellung beigef\u00fcgte Freepost-Nummer verwenden. Bei R\u00fccksendungen \u00fcber die Freepost-Nummer werden 4,95 \u20ac Porto berechnet. Dieser Betrag wird vom zu erstattenden Betrag abgezogen.<\/p><p style=\"margin: 0cm; font-size: 11pt; font-family: Calibri, sans-serif; color: #000000; font-style: normal; font-weight: 400;\">8.5 F\u00fcr die R\u00fccksendung von Artikeln aus einem anderen Land als den Niederlanden kann der Verbraucher die der Bestellung beigef\u00fcgte R\u00fccksendeadresse verwenden. Der Verbraucher versendet das Paket mit einem Paketdienst seiner Wahl. Die Versandkosten f\u00fcr diese R\u00fccksendung gehen zu Lasten des Verbrauchers.<\/p><p style=\"margin: 0cm; font-size: 11pt; font-family: Calibri, sans-serif; color: #000000; font-style: normal; font-weight: 400;\">8.6 Hat der Verbraucher die in Artikel 4.3 genannten Versandkosten bezahlt und sendet der Verbraucher die gesamte Bestellung zur\u00fcck; dann hat der Verbraucher Anspruch auf Erstattung dieser Versandkosten.<\/p><p style=\"margin: 0cm; font-size: 11pt; font-family: Calibri, sans-serif; color: #000000; font-style: normal; font-weight: 400;\">8.7 Die R\u00fccksendung wird nach Erhalt der Ware per E-Mail best\u00e4tigt. Der Kaufbetrag der R\u00fccksendung, abz\u00fcglich der Portokosten, wird Sistership.nl innerhalb von 10 Werktagen auf das Konto zur\u00fcckerstattet, von dem der Betrag stammt.<\/p><p style=\"margin: 0cm; font-size: 11pt; font-family: Calibri, sans-serif; color: #000000; font-style: normal; font-weight: 400;\">\u00a0<\/p><p style=\"margin: 0cm; font-size: 11pt; font-family: Calibri, sans-serif; color: #000000; font-style: normal; font-weight: 400;\"><b>Artikel 9. Beschwerden<\/b><br \/>Reklamationen bez\u00fcglich Lieferung und\/oder Qualit\u00e4t der Bestellung.<br \/>9.1 Sistership.nl bem\u00fcht sich, ein perfektes Produkt zu liefern. Nach Erhalt der Bestellung muss der Verbraucher die gelieferte Ware unverz\u00fcglich untersuchen und festgestellte M\u00e4ngel unverz\u00fcglich schriftlich an Sistership.nl melden. Wenn ein Kleidungsst\u00fcck nicht gem\u00e4\u00df der Bestellung geliefert wurde oder nicht der Beschreibung auf unserer Website entspricht, muss der Verbraucher dies unverz\u00fcglich Sistership.nl melden. Der Verbraucher kann dies tun, indem er eine E-Mail an . sendet\u00a0<a href=\"mailto:klantenservice@kleinkleding.nl\">kundendienst@sistership.nl<\/a>.<\/p><p style=\"margin: 0cm; font-size: 11pt; font-family: Calibri, sans-serif; color: #000000; font-style: normal; font-weight: 400;\">9.2 Die Gew\u00e4hrleistung erlischt, wenn der Verbraucher ohne R\u00fccksprache versucht hat, den Mangel zu beheben und\/oder die Gebrauchsanweisung und\/oder Gebrauchsanweisung nicht befolgt hat.<br \/>9.3 Sistership.nl bem\u00fcht sich, die Beschwerde des Verbrauchers so schnell wie m\u00f6glich und in Absprache mit dem Verbraucher zu l\u00f6sen. In jedem Fall m\u00fcssen die Anweisungen zur R\u00fcckgabe, die der Verbraucher bei der Reklamation erh\u00e4lt, genau befolgt werden.<\/p><p style=\"margin: 0cm; font-size: 11pt; font-family: Calibri, sans-serif; color: #000000; font-style: normal; font-weight: 400;\"><b>\u00a0<\/b><\/p><p style=\"margin: 0cm; font-size: 11pt; font-family: Calibri, sans-serif; color: #000000; font-style: normal; font-weight: 400;\"><b>Artikel 10. Haftung<br \/><\/b>10.1 Jegliche Haftung von Sistership.nl, von Mitarbeitern und Produkten von Sistership.nl f\u00fcr alle direkten oder indirekten Sch\u00e4den gleich welcher Art, einschlie\u00dflich Betriebsverluste, Folgesch\u00e4den, Sch\u00e4den an beweglichem oder unbeweglichem Eigentum oder an Personen, ist ausdr\u00fccklich ausgeschlossen. Sistership.nl haftet auch nicht f\u00fcr Sch\u00e4den, die durch Dritte w\u00e4hrend der Ausf\u00fchrung des Vertrages verursacht werden.<br \/>10.2 Sistership.nl \u00fcbernimmt keine Haftung f\u00fcr Sch\u00e4den, die sich aus der Verwendung der Produkte von Sistership.nl ergeben.<br \/>10.3 Jede Haftung von Sistership.nl gegen\u00fcber dem K\u00e4ufer ist in jedem Fall auf maximal den Rechnungsbetrag beschr\u00e4nkt, den der K\u00e4ufer Sistership.nl im Rahmen der betreffenden Vereinbarung schuldet.<br \/>10.4 F\u00fcr Missverst\u00e4ndnisse, Verst\u00fcmmelungen, Verz\u00f6gerungen oder unsachgem\u00e4\u00dfe \u00dcbermittlung von Bestellungen und Mitteilungen aufgrund der Nutzung des Internets oder anderer Kommunikationsmittel im Verkehr zwischen dem Verbraucher und Sistership.nl oder zwischen Sistership.nl und Dritten, sofern Sistership.nl haftet entsprechend nicht f\u00fcr die Beziehung zwischen dem Verbraucher und Sistership.nl, es sei denn, Sistership.nl liegt Vorsatz oder grobe Fahrl\u00e4ssigkeit vor.<\/p><p style=\"margin: 0cm; font-size: 11pt; font-family: Calibri, sans-serif; color: #000000; font-style: normal; font-weight: 400;\">\u00a0<\/p><p style=\"margin: 0cm; font-size: 11pt; font-family: Calibri, sans-serif; color: #000000; font-style: normal; font-weight: 400;\"><b>Artikel 11. H\u00f6here Gewalt<\/b><br \/>12.1 Im Falle h\u00f6herer Gewalt hat Sistership.nl das Recht, nach eigenem Ermessen die Ausf\u00fchrung einer Verbraucherbestellung auszusetzen oder den Vertrag ohne gerichtliche Intervention aufzul\u00f6sen, indem dies schriftlich mitgeteilt wird und Sistership.nl dazu verpflichtet ist Schadensersatz zu leisten, es sei denn, dies w\u00e4re unter den gegebenen Umst\u00e4nden nach den Ma\u00dfst\u00e4ben der Zumutbarkeit und Fairness nicht zumutbar.<br \/>12.2 Unter h\u00f6herer Gewalt wird jeder Mangel verstanden, der nicht Sistership.nl zugeschrieben werden kann, weil er nicht auf sein Verschulden zur\u00fcckzuf\u00fchren ist und nicht nach Gesetz, Rechtsakt oder allgemein anerkannten Standards zu vertreten ist.<br \/><br \/><b>Artikel 12. Anwendbares Recht und zust\u00e4ndiges Gericht<\/b><br \/>Alle Rechte, Pflichten, Angebote, Bestellungen und Vereinbarungen, f\u00fcr die diese Bedingungen gelten, sowie zwischen Sistership.nl und dem Verbraucher, f\u00fcr den diese Bedingungen gelten, unterliegen ausschlie\u00dflich niederl\u00e4ndischem Recht.<br \/><br \/>Fragen, Beschwerden und Kommentare<br \/>Sollten Sie nach dem Lesen dieser AGB Fragen und\/oder Anmerkungen zu diesen AGB haben, bitten wir Sie, sich schriftlich, telefonisch oder per E-Mail an uns zu wenden.<\/p>\t\t\t\t\t<\/div>\n\t\t\t\t\t\t<\/div>\n\t\t\t\t<\/div>\n\t\t\t\t\t\t<\/div>\n\t\t\t\t\t<\/div>\n\t\t<\/div>\n\t\t\t\t\t\t\t\t<\/div>\n\t\t\t\t\t<\/div>\n\t\t<\/section>\n\t\t\t\t\t\t<\/div>\n\t\t\t\t\t\t<\/div>\n\t\t\t\t\t<\/div>","protected":false},"excerpt":{"rendered":"<p>Algemene voorwaarden Artikel 1. Definities 1.1 Algemene Voorwaarden (hierna te noemen \u201cVoorwaarden\u201d): op alle verkopen via Sistership.nl zijn de volgende leverings- en betalingscondities van toepassing. U stemt hiermee in wanneer u een bestelling plaatst; 1.2 Onderneming: Sistership.nl is een handelsnaam van een online winkel die kleding en aanverwante artikelen door \u201ckoop op afstand\u201d aanbiedt aan [&hellip;]<\/p>","protected":false},"author":6,"featured_media":0,"parent":0,"menu_order":0,"comment_status":"closed","ping_status":"closed","template":"template-fullwidth-no-heading.php","meta":[],"_links":{"self":[{"href":"https:\/\/manu009.supserv.cozmoslabs.com\/de\/wp-json\/wp\/v2\/pages\/413"}],"collection":[{"href":"https:\/\/manu009.supserv.cozmoslabs.com\/de\/wp-json\/wp\/v2\/pages"}],"about":[{"href":"https:\/\/manu009.supserv.cozmoslabs.com\/de\/wp-json\/wp\/v2\/types\/page"}],"author":[{"embeddable":true,"href":"https:\/\/manu009.supserv.cozmoslabs.com\/de\/wp-json\/wp\/v2\/users\/6"}],"replies":[{"embeddable":true,"href":"https:\/\/manu009.supserv.cozmoslabs.com\/de\/wp-json\/wp\/v2\/comments?post=413"}],"version-history":[{"count":0,"href":"https:\/\/manu009.supserv.cozmoslabs.com\/de\/wp-json\/wp\/v2\/pages\/413\/revisions"}],"wp:attachment":[{"href":"https:\/\/manu009.supserv.cozmoslabs.com\/de\/wp-json\/wp\/v2\/media?parent=413"}],"curies":[{"name":"wp","href":"https:\/\/api.w.org\/{rel}","templated":true}]}}